{"id":2,"date":"2017-04-11T20:51:49","date_gmt":"2017-04-11T20:51:49","guid":{"rendered":"http:\/\/www.tehceg.hr\/wp-2\/?page_id=2"},"modified":"2017-11-20T15:00:31","modified_gmt":"2017-11-20T15:00:31","slug":"pocetna","status":"publish","type":"page","link":"http:\/\/www.tehceg.hr\/wp-2\/","title":{"rendered":""},"content":{"rendered":"<div id=\"pl-2\"  class=\"panel-layout\" ><div id=\"pg-2-0\"  class=\"panel-grid panel-no-style\" ><div id=\"pgc-2-0-0\"  class=\"panel-grid-cell\" ><div id=\"panel-2-0-0-0\" class=\"so-panel widget widget_sow-editor panel-first-child panel-last-child\" data-index=\"0\" ><div\n\t\t\t\n\t\t\tclass=\"so-widget-sow-editor so-widget-sow-editor-base\"\n\t\t\t\n\t\t><h3 class=\"widget-title\">Dobrodo\u0161li u Tehceg.<\/h3>\n<div class=\"siteorigin-widget-tinymce textwidget\">\n\t<div class=\"siteorigin-widget-tinymce textwidget\">\n<div style=\"text-align: justify;\">U na\u0161oj bogatoj ponudi nudimo \u0161irok raspon proizvoda od\u00a0<span style=\"color: #3366ff;\"><span class=\"podcrtaj\">vij\u010dane robe, matica, ru\u010dnih i elektri\u010dnih alata, sanitarija te sve za Va\u0161 vrt i dvori\u0161te.<\/span>\u00a0<\/span><\/p>\n<p>Ponuda je pro\u0161irena na <strong><span style=\"color: #ff0000;\">veleprodaju<\/span> <\/strong>robe za opremanje i odr\u017eavanje objekata i nabavu repromaterijala.<\/p>\n<p>Tako\u0111er radimo konstruiranje i izradu dijelova od materijala <span style=\"color: #ff0000;\"><strong>HARDOX<\/strong><\/span>, \u00a0\u0160vedskog proizvo\u0111a\u010da <strong>SSAB.<\/strong><\/p>\n<p>Za sva pitanja i informacije o ponudi slobodno nam se obratite na broj telefona:<\/p>\n<\/div>\n<p>maloprodaja:\u00a0<span class=\"naglasi\" style=\"color: #ff0000;\"><a href=\"tel:016055338\">01\/6055- 338<\/a><\/span><br \/> ili na e-mail adresu:\u00a0<span class=\"naglasi\"><span style=\"color: #ff0000;\">info@tehceg.hr<\/span><\/span><\/p>\n<\/div>\n<\/div>\n<\/div><\/div><\/div><div id=\"pgc-2-0-1\"  class=\"panel-grid-cell\" ><div id=\"panel-2-0-1-0\" class=\"so-panel widget panel-first-child panel-last-child\" data-index=\"1\" ><\/div><\/div><div id=\"pgc-2-0-2\"  class=\"panel-grid-cell\" ><div id=\"panel-2-0-2-0\" class=\"so-panel widget widget_sow-slider panel-first-child panel-last-child\" data-index=\"2\" ><div\n\t\t\t\n\t\t\tclass=\"so-widget-sow-slider so-widget-sow-slider-default-d291fe7a71da-2\"\n\t\t\t\n\t\t>\t\t\t\t<div class=\"sow-slider-base\" style=\"display: none\" tabindex=\"0\">\n\t\t\t\t\t<ul\n\t\t\t\t\tclass=\"sow-slider-images\"\n\t\t\t\t\tdata-settings=\"{&quot;pagination&quot;:true,&quot;speed&quot;:800,&quot;timeout&quot;:4000,&quot;paused&quot;:false,&quot;pause_on_hover&quot;:false,&quot;swipe&quot;:true,&quot;nav_always_show_desktop&quot;:&quot;&quot;,&quot;nav_always_show_mobile&quot;:&quot;&quot;,&quot;breakpoint&quot;:&quot;780px&quot;,&quot;unmute&quot;:false,&quot;anchor&quot;:null}\"\n\t\t\t\t\t\t\t\t\t\tdata-anchor-id=\"\"\n\t\t\t\t>\t\t<li class=\"sow-slider-image\" style=\"visibility: visible;\" >\n\t\t\t\t\t\t<img loading=\"lazy\" decoding=\"async\" width=\"728\" height=\"575\" src=\"http:\/\/www.tehceg.hr\/wp-2\/wp-content\/uploads\/2017\/09\/ef3cb10f20fc1c3e815d4401ee514793e373e5d019b31249_1920-1024x575.jpg\" class=\"sow-slider-background-image\" alt=\"\" style=\"\" srcset=\"http:\/\/www.tehceg.hr\/wp-2\/wp-content\/uploads\/2017\/09\/ef3cb10f20fc1c3e815d4401ee514793e373e5d019b31249_1920-1024x575.jpg 728w, http:\/\/www.tehceg.hr\/wp-2\/wp-content\/uploads\/2017\/09\/ef3cb10f20fc1c3e815d4401ee514793e373e5d019b31249_1920-1024x575-300x237.jpg 300w\" sizes=\"auto, (max-width: 728px) 100vw, 728px\" \/>\t\t<\/li>\n\t\t\t\t<li class=\"sow-slider-image\" style=\"visibility: hidden;\" >\n\t\t\t\t\t\t<img loading=\"lazy\" decoding=\"async\" width=\"864\" height=\"683\" src=\"http:\/\/www.tehceg.hr\/wp-2\/wp-content\/uploads\/2017\/09\/ec36b80928f41c3e815d4401ee514793e373e5d019b21343_1920-1024x683.jpg\" class=\"sow-slider-background-image\" alt=\"\" style=\"\" srcset=\"http:\/\/www.tehceg.hr\/wp-2\/wp-content\/uploads\/2017\/09\/ec36b80928f41c3e815d4401ee514793e373e5d019b21343_1920-1024x683.jpg 864w, http:\/\/www.tehceg.hr\/wp-2\/wp-content\/uploads\/2017\/09\/ec36b80928f41c3e815d4401ee514793e373e5d019b21343_1920-1024x683-300x237.jpg 300w, http:\/\/www.tehceg.hr\/wp-2\/wp-content\/uploads\/2017\/09\/ec36b80928f41c3e815d4401ee514793e373e5d019b21343_1920-1024x683-768x607.jpg 768w\" sizes=\"auto, (max-width: 864px) 100vw, 864px\" \/>\t\t<\/li>\n\t\t\t\t<li class=\"sow-slider-image\" style=\"visibility: hidden;\" >\n\t\t\t\t\t\t<img loading=\"lazy\" decoding=\"async\" width=\"681\" height=\"538\" src=\"http:\/\/www.tehceg.hr\/wp-2\/wp-content\/uploads\/2017\/09\/e83cb30b29f3023ecd0b4204e2445b97e677e6d21cb1124993_1920-1024x538.jpg\" class=\"sow-slider-background-image\" alt=\"\" style=\"\" srcset=\"http:\/\/www.tehceg.hr\/wp-2\/wp-content\/uploads\/2017\/09\/e83cb30b29f3023ecd0b4204e2445b97e677e6d21cb1124993_1920-1024x538.jpg 681w, http:\/\/www.tehceg.hr\/wp-2\/wp-content\/uploads\/2017\/09\/e83cb30b29f3023ecd0b4204e2445b97e677e6d21cb1124993_1920-1024x538-300x237.jpg 300w\" sizes=\"auto, (max-width: 681px) 100vw, 681px\" \/>\t\t<\/li>\n\t\t\t\t<li class=\"sow-slider-image\" style=\"visibility: hidden;\" >\n\t\t\t\t\t\t<img loading=\"lazy\" decoding=\"async\" width=\"730\" height=\"577\" src=\"http:\/\/www.tehceg.hr\/wp-2\/wp-content\/uploads\/2017\/09\/e83cb2082af5083ecd0b4204e2445b97e677e6d21cb1164695_1920-1024x576.jpg\" class=\"sow-slider-background-image\" alt=\"\" style=\"\" srcset=\"http:\/\/www.tehceg.hr\/wp-2\/wp-content\/uploads\/2017\/09\/e83cb2082af5083ecd0b4204e2445b97e677e6d21cb1164695_1920-1024x576.jpg 730w, http:\/\/www.tehceg.hr\/wp-2\/wp-content\/uploads\/2017\/09\/e83cb2082af5083ecd0b4204e2445b97e677e6d21cb1164695_1920-1024x576-300x237.jpg 300w\" sizes=\"auto, (max-width: 730px) 100vw, 730px\" \/>\t\t<\/li>\n\t\t\t\t<li class=\"sow-slider-image\" style=\"visibility: hidden;\" >\n\t\t\t\t\t\t<img loading=\"lazy\" decoding=\"async\" width=\"681\" height=\"538\" src=\"http:\/\/www.tehceg.hr\/wp-2\/wp-content\/uploads\/2017\/09\/eb37b30d28f3003ecd0b4204e2445b97e677e6d21cb1144592_1920-681x1024.jpg\" class=\"sow-slider-background-image\" alt=\"\" style=\"\" srcset=\"http:\/\/www.tehceg.hr\/wp-2\/wp-content\/uploads\/2017\/09\/eb37b30d28f3003ecd0b4204e2445b97e677e6d21cb1144592_1920-681x1024.jpg 681w, http:\/\/www.tehceg.hr\/wp-2\/wp-content\/uploads\/2017\/09\/eb37b30d28f3003ecd0b4204e2445b97e677e6d21cb1144592_1920-681x1024-300x237.jpg 300w\" sizes=\"auto, (max-width: 681px) 100vw, 681px\" \/>\t\t<\/li>\n\t\t<\/ul>\t\t\t\t<ol class=\"sow-slider-pagination\">\n\t\t\t\t\t\t\t\t\t\t\t<li><a href=\"#\" data-goto=\"0\" aria-label=\"Display slide 1\"><\/a><\/li>\n\t\t\t\t\t\t\t\t\t\t\t<li><a href=\"#\" data-goto=\"1\" aria-label=\"Display slide 2\"><\/a><\/li>\n\t\t\t\t\t\t\t\t\t\t\t<li><a href=\"#\" data-goto=\"2\" aria-label=\"Display slide 3\"><\/a><\/li>\n\t\t\t\t\t\t\t\t\t\t\t<li><a href=\"#\" data-goto=\"3\" aria-label=\"Display slide 4\"><\/a><\/li>\n\t\t\t\t\t\t\t\t\t\t\t<li><a href=\"#\" data-goto=\"4\" aria-label=\"Display slide 5\"><\/a><\/li>\n\t\t\t\t\t\t\t\t\t<\/ol>\n\n\t\t\t\t<div class=\"sow-slide-nav sow-slide-nav-next\">\n\t\t\t\t\t<a href=\"#\" data-goto=\"next\" aria-label=\"Next slide\" data-action=\"next\">\n\t\t\t\t\t\t<em class=\"sow-sld-icon-thin-right\"><\/em>\n\t\t\t\t\t<\/a>\n\t\t\t\t<\/div>\n\n\t\t\t\t<div class=\"sow-slide-nav sow-slide-nav-prev\">\n\t\t\t\t\t<a href=\"#\" data-goto=\"previous\" aria-label=\"Previous slide\" data-action=\"prev\">\n\t\t\t\t\t\t<em class=\"sow-sld-icon-thin-left\"><\/em>\n\t\t\t\t\t<\/a>\n\t\t\t\t<\/div>\n\t\t\t\t<\/div><\/div><\/div><\/div><\/div><\/div>","protected":false},"excerpt":{"rendered":"<p>U na\u0161oj bogatoj ponudi nudimo \u0161irok raspon proizvoda od\u00a0vij\u010dane robe, matica, ru\u010dnih i elektri\u010dnih alata, sanitarija te sve za Va\u0161 vrt i dvori\u0161te.\u00a0 Ponuda je pro\u0161irena na veleprodaju robe za opremanje i odr\u017eavanje objekata i nabavu repromaterijala. Tako\u0111er radimo konstruiranje <a href=\"http:\/\/www.tehceg.hr\/wp-2\/\" class=\"read-more\">Read More &#8230;<\/a><\/p>\n","protected":false},"author":1,"featured_media":0,"parent":0,"menu_order":0,"comment_status":"closed","ping_status":"closed","template":"","meta":{"footnotes":""},"class_list":["post-2","page","type-page","status-publish","hentry"],"_links":{"self":[{"href":"http:\/\/www.tehceg.hr\/wp-2\/wp-json\/wp\/v2\/pages\/2","targetHints":{"allow":["GET"]}}],"collection":[{"href":"http:\/\/www.tehceg.hr\/wp-2\/wp-json\/wp\/v2\/pages"}],"about":[{"href":"http:\/\/www.tehceg.hr\/wp-2\/wp-json\/wp\/v2\/types\/page"}],"author":[{"embeddable":true,"href":"http:\/\/www.tehceg.hr\/wp-2\/wp-json\/wp\/v2\/users\/1"}],"replies":[{"embeddable":true,"href":"http:\/\/www.tehceg.hr\/wp-2\/wp-json\/wp\/v2\/comments?post=2"}],"version-history":[{"count":62,"href":"http:\/\/www.tehceg.hr\/wp-2\/wp-json\/wp\/v2\/pages\/2\/revisions"}],"predecessor-version":[{"id":206,"href":"http:\/\/www.tehceg.hr\/wp-2\/wp-json\/wp\/v2\/pages\/2\/revisions\/206"}],"wp:attachment":[{"href":"http:\/\/www.tehceg.hr\/wp-2\/wp-json\/wp\/v2\/media?parent=2"}],"curies":[{"name":"wp","href":"https:\/\/api.w.org\/{rel}","templated":true}]}}