{"id":43,"date":"2017-04-12T11:43:31","date_gmt":"2017-04-12T11:43:31","guid":{"rendered":"http:\/\/www.tehceg.hr\/wp-2\/?page_id=43"},"modified":"2017-09-26T20:08:06","modified_gmt":"2017-09-26T20:08:06","slug":"vijci","status":"publish","type":"page","link":"http:\/\/www.tehceg.hr\/wp-2\/vijci\/","title":{"rendered":"VIJCI"},"content":{"rendered":"<div id=\"pl-43\"  class=\"panel-layout\" ><div id=\"pg-43-0\"  class=\"panel-grid panel-no-style\" ><div id=\"pgc-43-0-0\"  class=\"panel-grid-cell\" ><div id=\"panel-43-0-0-0\" class=\"so-panel widget widget_sow-editor panel-first-child panel-last-child\" data-index=\"0\" ><div\n\t\t\t\n\t\t\tclass=\"so-widget-sow-editor so-widget-sow-editor-base\"\n\t\t\t\n\t\t>\n<div class=\"siteorigin-widget-tinymce textwidget\">\n\t<p class=\"font_8\"><span style=\"color: #000000;\">U sklopu ovoga asortimana nudimo vam: <\/span><\/p>\n<p class=\"font_8\">iver vijke, metri\u010dne vijke i matice, navojne \u0161ipke, metalne tiple, plasti\u010dne tilpe, udarne tiple, blok zakovice i dr.<\/p>\n<\/div>\n<\/div><\/div><\/div><div id=\"pgc-43-0-1\"  class=\"panel-grid-cell\" ><div id=\"panel-43-0-1-0\" class=\"so-panel widget widget_sow-editor panel-first-child panel-last-child\" data-index=\"1\" ><div\n\t\t\t\n\t\t\tclass=\"so-widget-sow-editor so-widget-sow-editor-base\"\n\t\t\t\n\t\t>\n<div class=\"siteorigin-widget-tinymce textwidget\">\n\t<p class=\"font_8\"><span style=\"color: #000000;\">Imamo vijke za razli\u010dite materijale kao \u0161to su: <\/span><\/p>\n<p class=\"font_8\">drvo, \u010delik, beton, iverica, knauf, cigla i dr.<\/p>\n<\/div>\n<\/div><\/div><\/div><\/div><div id=\"pg-43-1\"  class=\"panel-grid panel-no-style\" ><div id=\"pgc-43-1-0\"  class=\"panel-grid-cell\" ><div id=\"panel-43-1-0-0\" class=\"so-panel widget widget_sow-button panel-first-child panel-last-child\" data-index=\"2\" ><div\n\t\t\t\n\t\t\tclass=\"so-widget-sow-button so-widget-sow-button-atom-6c18ea1214bc-43\"\n\t\t\t\n\t\t><div class=\"ow-button-base ow-button-align-center\"\n>\n\t\t\t<a\n\t\t\t\t\thref=\"http:\/\/www.tehceg.hr\/wp-2\/drvo-iver-vijak\/\"\n\t\t\t\t\tclass=\"sowb-button ow-icon-placement-left ow-button-hover\" \t>\n\t\t<span>\n\t\t\t\n\t\t\tDRVO-IVER VIJAK\t\t<\/span>\n\t\t\t<\/a>\n\t<\/div>\n<\/div><\/div><\/div><div id=\"pgc-43-1-1\"  class=\"panel-grid-cell\" ><div id=\"panel-43-1-1-0\" class=\"so-panel widget widget_sow-button panel-first-child panel-last-child\" data-index=\"3\" ><div\n\t\t\t\n\t\t\tclass=\"so-widget-sow-button so-widget-sow-button-atom-9a8ec4c90263-43\"\n\t\t\t\n\t\t><div class=\"ow-button-base ow-button-align-center\"\n>\n\t\t\t<a\n\t\t\t\t\thref=\"http:\/\/www.tehceg.hr\/wp-2\/lim-vijak\/\"\n\t\t\t\t\tclass=\"sowb-button ow-icon-placement-left ow-button-hover\" \t>\n\t\t<span>\n\t\t\t\n\t\t\tLIM VIJAK\t\t<\/span>\n\t\t\t<\/a>\n\t<\/div>\n<\/div><\/div><\/div><div id=\"pgc-43-1-2\"  class=\"panel-grid-cell\" ><div id=\"panel-43-1-2-0\" class=\"so-panel widget widget_sow-button panel-first-child panel-last-child\" data-index=\"4\" ><div\n\t\t\t\n\t\t\tclass=\"so-widget-sow-button so-widget-sow-button-atom-9a8ec4c90263-43\"\n\t\t\t\n\t\t><div class=\"ow-button-base ow-button-align-center\"\n>\n\t\t\t<a\n\t\t\t\t\thref=\"http:\/\/www.tehceg.hr\/wp-2\/tiple\/\"\n\t\t\t\t\tclass=\"sowb-button ow-icon-placement-left ow-button-hover\" \t>\n\t\t<span>\n\t\t\t\n\t\t\tTIPLE\t\t<\/span>\n\t\t\t<\/a>\n\t<\/div>\n<\/div><\/div><\/div><div id=\"pgc-43-1-3\"  class=\"panel-grid-cell\" ><div id=\"panel-43-1-3-0\" class=\"so-panel widget widget_sow-button panel-first-child panel-last-child\" data-index=\"5\" ><div\n\t\t\t\n\t\t\tclass=\"so-widget-sow-button so-widget-sow-button-atom-6c18ea1214bc-43\"\n\t\t\t\n\t\t><div class=\"ow-button-base ow-button-align-center\"\n>\n\t\t\t<a\n\t\t\t\t\thref=\"http:\/\/www.tehceg.hr\/wp-2\/metricni-vijak\/\"\n\t\t\t\t\tclass=\"sowb-button ow-icon-placement-left ow-button-hover\" \t>\n\t\t<span>\n\t\t\t\n\t\t\tMETRI\u010cNI VIJAK\t\t<\/span>\n\t\t\t<\/a>\n\t<\/div>\n<\/div><\/div><\/div><div id=\"pgc-43-1-4\"  class=\"panel-grid-cell\" ><div id=\"panel-43-1-4-0\" class=\"so-panel widget widget_sow-button panel-first-child panel-last-child\" data-index=\"6\" ><div\n\t\t\t\n\t\t\tclass=\"so-widget-sow-button so-widget-sow-button-atom-9a8ec4c90263-43\"\n\t\t\t\n\t\t><div class=\"ow-button-base ow-button-align-center\"\n>\n\t\t\t<a\n\t\t\t\t\thref=\"http:\/\/www.tehceg.hr\/wp-2\/razno-2\/\"\n\t\t\t\t\tclass=\"sowb-button ow-icon-placement-left ow-button-hover\" \t>\n\t\t<span>\n\t\t\t\n\t\t\tOSTALI\t\t<\/span>\n\t\t\t<\/a>\n\t<\/div>\n<\/div><\/div><\/div><\/div><\/div>","protected":false},"excerpt":{"rendered":"<p>U sklopu ovoga asortimana nudimo vam: iver vijke, metri\u010dne vijke i matice, navojne \u0161ipke, metalne tiple, plasti\u010dne tilpe, udarne tiple, blok zakovice i dr. Imamo vijke za razli\u010dite materijale kao \u0161to su: drvo, \u010delik, beton, iverica, knauf, cigla i dr.<\/p>\n","protected":false},"author":1,"featured_media":0,"parent":0,"menu_order":1,"comment_status":"closed","ping_status":"closed","template":"","meta":{"footnotes":""},"class_list":["post-43","page","type-page","status-publish","hentry"],"_links":{"self":[{"href":"http:\/\/www.tehceg.hr\/wp-2\/wp-json\/wp\/v2\/pages\/43","targetHints":{"allow":["GET"]}}],"collection":[{"href":"http:\/\/www.tehceg.hr\/wp-2\/wp-json\/wp\/v2\/pages"}],"about":[{"href":"http:\/\/www.tehceg.hr\/wp-2\/wp-json\/wp\/v2\/types\/page"}],"author":[{"embeddable":true,"href":"http:\/\/www.tehceg.hr\/wp-2\/wp-json\/wp\/v2\/users\/1"}],"replies":[{"embeddable":true,"href":"http:\/\/www.tehceg.hr\/wp-2\/wp-json\/wp\/v2\/comments?post=43"}],"version-history":[{"count":25,"href":"http:\/\/www.tehceg.hr\/wp-2\/wp-json\/wp\/v2\/pages\/43\/revisions"}],"predecessor-version":[{"id":365,"href":"http:\/\/www.tehceg.hr\/wp-2\/wp-json\/wp\/v2\/pages\/43\/revisions\/365"}],"wp:attachment":[{"href":"http:\/\/www.tehceg.hr\/wp-2\/wp-json\/wp\/v2\/media?parent=43"}],"curies":[{"name":"wp","href":"https:\/\/api.w.org\/{rel}","templated":true}]}}