{"id":68,"date":"2017-04-12T12:11:22","date_gmt":"2017-04-12T12:11:22","guid":{"rendered":"http:\/\/www.tehceg.hr\/wp-2\/?page_id=68"},"modified":"2021-10-06T21:32:45","modified_gmt":"2021-10-06T21:32:45","slug":"o-nama","status":"publish","type":"page","link":"http:\/\/www.tehceg.hr\/wp-2\/o-nama\/","title":{"rendered":"O NAMA"},"content":{"rendered":"<div id=\"pl-68\"  class=\"panel-layout\" ><div id=\"pg-68-0\"  class=\"panel-grid panel-no-style\" ><div id=\"pgc-68-0-0\"  class=\"panel-grid-cell\" ><div id=\"panel-68-0-0-0\" class=\"so-panel widget widget_sow-editor panel-first-child panel-last-child\" data-index=\"0\" ><div\n\t\t\t\n\t\t\tclass=\"so-widget-sow-editor so-widget-sow-editor-base\"\n\t\t\t\n\t\t>\n<div class=\"siteorigin-widget-tinymce textwidget\">\n\t<div>\u00a0<\/div>\n<div>Poduze\u0107e <strong>TEHCEG d.o.o.<\/strong> osnovano je 2013. godine kao obiteljsko poduze\u0107e s dugogodi\u0161njim iskustvom i znanjem iz podru\u010dja metalno tehni\u010dke robe.<\/div>\n<div>\u00a0<\/div>\n<div>Zadr\u017eali smo prodavaonicu \u017eeljezarije na lokaciji <strong>Petrova ulica 60.\u00a0<\/strong><\/div>\n<div>\u00a0<\/div>\n<div>Ponudu smo pro\u0161irili s <span style=\"color: #ff0000;\">veleprodajom<\/span> robe za opremanje i odr\u017eavanje objekata i nabavu repromaterijala.<\/div>\n<div>\u00a0<\/div>\n<div>Tako\u0111er radimo konstruiranje i izradu dijelova od materijala <span style=\"color: #ff0000;\"><strong>HARDOX<\/strong><\/span>, \u00a0\u0160vedskog proizvo\u0111a\u010da <strong>SSAB<\/strong>.<\/div>\n<div>\u00a0<\/div>\n<div>\u00a0<\/div>\n<div>OSNOVNI PODACI:<\/div>\n<div>\u00a0<\/div>\n<div>Tehceg d.o.o.<\/div>\n<div>\u00a0<\/div>\n<div>Dra\u0161ni\u010dka 8<span class=\"fs8\">\u00a0\u00a0\u00a0<\/span><\/div>\n<div>10110 Zagreb<\/div>\n<div>\u00a0<\/div>\n<div>\n<div>OIB: \u00a0\u00a0\u00a0\u00a0\u00a0\u00a036150984090<\/div>\n<div>Ra\u010dun: \u00a0\u00a0\u00a0HR2623400091110587584<\/div>\n<\/div>\n<\/div>\n<\/div><\/div><\/div><div id=\"pgc-68-0-1\"  class=\"panel-grid-cell\" ><div id=\"panel-68-0-1-0\" class=\"so-panel widget widget_sow-image panel-first-child panel-last-child\" data-index=\"1\" ><div\n\t\t\t\n\t\t\tclass=\"so-widget-sow-image so-widget-sow-image-default-c67d20f9f743-68\"\n\t\t\t\n\t\t>\n<div class=\"sow-image-container\">\n\t\t<img \n\tsrc=\"http:\/\/www.tehceg.hr\/wp-2\/wp-content\/uploads\/2017\/04\/e830b0072af31c3e815d4401ee514793e373e5dd1db21648_1920-164x300.png\" width=\"164\" height=\"300\" srcset=\"http:\/\/www.tehceg.hr\/wp-2\/wp-content\/uploads\/2017\/04\/e830b0072af31c3e815d4401ee514793e373e5dd1db21648_1920-164x300.png 164w, http:\/\/www.tehceg.hr\/wp-2\/wp-content\/uploads\/2017\/04\/e830b0072af31c3e815d4401ee514793e373e5dd1db21648_1920-768x1407.png 768w, http:\/\/www.tehceg.hr\/wp-2\/wp-content\/uploads\/2017\/04\/e830b0072af31c3e815d4401ee514793e373e5dd1db21648_1920-559x1024.png 559w, http:\/\/www.tehceg.hr\/wp-2\/wp-content\/uploads\/2017\/04\/e830b0072af31c3e815d4401ee514793e373e5dd1db21648_1920.png 1048w\" sizes=\"(max-width: 164px) 100vw, 164px\" alt=\"\" \t\tclass=\"so-widget-image\"\/>\n\t<\/div>\n\n<\/div><\/div><\/div><\/div><\/div>","protected":false},"excerpt":{"rendered":"<p>\u00a0 Poduze\u0107e TEHCEG d.o.o. osnovano je 2013. godine kao obiteljsko poduze\u0107e s dugogodi\u0161njim iskustvom i znanjem iz podru\u010dja metalno tehni\u010dke robe. \u00a0 Zadr\u017eali smo prodavaonicu \u017eeljezarije na lokaciji Petrova ulica 60.\u00a0 \u00a0 Ponudu smo pro\u0161irili s veleprodajom robe za opremanje <a href=\"http:\/\/www.tehceg.hr\/wp-2\/o-nama\/\" class=\"read-more\">Read More &#8230;<\/a><\/p>\n","protected":false},"author":1,"featured_media":0,"parent":0,"menu_order":3,"comment_status":"closed","ping_status":"closed","template":"","meta":{"footnotes":""},"class_list":["post-68","page","type-page","status-publish","hentry"],"_links":{"self":[{"href":"http:\/\/www.tehceg.hr\/wp-2\/wp-json\/wp\/v2\/pages\/68","targetHints":{"allow":["GET"]}}],"collection":[{"href":"http:\/\/www.tehceg.hr\/wp-2\/wp-json\/wp\/v2\/pages"}],"about":[{"href":"http:\/\/www.tehceg.hr\/wp-2\/wp-json\/wp\/v2\/types\/page"}],"author":[{"embeddable":true,"href":"http:\/\/www.tehceg.hr\/wp-2\/wp-json\/wp\/v2\/users\/1"}],"replies":[{"embeddable":true,"href":"http:\/\/www.tehceg.hr\/wp-2\/wp-json\/wp\/v2\/comments?post=68"}],"version-history":[{"count":20,"href":"http:\/\/www.tehceg.hr\/wp-2\/wp-json\/wp\/v2\/pages\/68\/revisions"}],"predecessor-version":[{"id":284,"href":"http:\/\/www.tehceg.hr\/wp-2\/wp-json\/wp\/v2\/pages\/68\/revisions\/284"}],"wp:attachment":[{"href":"http:\/\/www.tehceg.hr\/wp-2\/wp-json\/wp\/v2\/media?parent=68"}],"curies":[{"name":"wp","href":"https:\/\/api.w.org\/{rel}","templated":true}]}}